{"id":375,"date":"2023-06-28T12:19:00","date_gmt":"2023-06-28T12:19:00","guid":{"rendered":"https:\/\/nproboszczewice.pl\/2023_nowastrona\/?page_id=375"},"modified":"2026-02-17T10:04:32","modified_gmt":"2026-02-17T10:04:32","slug":"rekrutacja","status":"publish","type":"page","link":"https:\/\/nproboszczewice.pl\/2023_nowastrona\/rekrutacja\/","title":{"rendered":"Rekrutacja"},"content":{"rendered":"\n<p>Drodzy Rodzice!<\/p>\n\n\n\n<p>Informujemy, \u017ce od <strong>2<\/strong> <strong>do 31 marca 2026 r<\/strong>. odb\u0119dzie si\u0119 rekrutacja na wolne miejsca w&nbsp;Przedszkolu w&nbsp;Nowych Proboszczewicach na rok szkolny 2026\/2027.<\/p>\n\n\n\n<p>Rodzice dzieci aktualnie ucz\u0119szczaj\u0105cych do naszego Przedszkola sk\u0142adaj\u0105 na kolejny rok szkolny 2026\/2027 deklaracj\u0119 o kontynuowaniu wychowania przedszkolnego w terminie <strong>do 28 lutego<\/strong>. Druk do pobrania w sekretariacie przedszkola lub u&nbsp;wychowawcy.<\/p>\n\n\n\n<p>Dodatkowe informacje u wychowawc\u00f3w i w sekretariacie Przedszkola.<\/p>\n\n\n\n<p><\/p>\n\n\n\n<p class=\"has-red-color has-text-color has-link-color wp-elements-c20eebdabca8ae2746b03cf637dcbb18\"><strong>Dokumenty do pobrania rekrutacja 2026\/27<\/strong> <strong>\u2193<\/strong><\/p>\n\n\n\n<div class=\"wp-block-file\"><a id=\"wp-block-file--media-50713597-68b5-4928-a6ad-97d0d6486576\" href=\"https:\/\/nproboszczewice.pl\/2023_nowastrona\/wp-content\/uploads\/2026\/02\/Wniosek-o-przyjecie-dziecka-do-Przedszkola-w-Nowych-Proboszczewicach.pdf\">Wniosek o przyj\u0119cie dziecka do Przedszkola w Nowych Proboszczewicach<\/a><a href=\"https:\/\/nproboszczewice.pl\/2023_nowastrona\/wp-content\/uploads\/2026\/02\/Wniosek-o-przyjecie-dziecka-do-Przedszkola-w-Nowych-Proboszczewicach.pdf\" class=\"wp-block-file__button wp-element-button\" download aria-describedby=\"wp-block-file--media-50713597-68b5-4928-a6ad-97d0d6486576\">Pobierz<\/a><\/div>\n\n\n\n<div class=\"wp-block-file\"><a id=\"wp-block-file--media-c1975f03-bb0c-4c7f-bd26-de32e53340f4\" href=\"https:\/\/nproboszczewice.pl\/2023_nowastrona\/wp-content\/uploads\/2026\/02\/Zalacznik-nr-1-do-wniosku-rodzina-wielodzietna.pdf\">Za\u0142\u0105cznik nr 1 do wniosku &#8211; rodzina wielodzietna<\/a><a href=\"https:\/\/nproboszczewice.pl\/2023_nowastrona\/wp-content\/uploads\/2026\/02\/Zalacznik-nr-1-do-wniosku-rodzina-wielodzietna.pdf\" class=\"wp-block-file__button wp-element-button\" download aria-describedby=\"wp-block-file--media-c1975f03-bb0c-4c7f-bd26-de32e53340f4\">Pobierz<\/a><\/div>\n\n\n\n<div class=\"wp-block-file\"><a id=\"wp-block-file--media-a66fc6f4-1ad9-475b-89ff-187ffdf8b293\" href=\"https:\/\/nproboszczewice.pl\/2023_nowastrona\/wp-content\/uploads\/2026\/02\/Zalacznik-nr-2-do-wniosku-samotne-wychowywanie-dziecka.pdf\">Za\u0142\u0105cznik nr 2 do wniosku &#8211; samotne wychowywanie dziecka<\/a><a href=\"https:\/\/nproboszczewice.pl\/2023_nowastrona\/wp-content\/uploads\/2026\/02\/Zalacznik-nr-2-do-wniosku-samotne-wychowywanie-dziecka.pdf\" class=\"wp-block-file__button wp-element-button\" download aria-describedby=\"wp-block-file--media-a66fc6f4-1ad9-475b-89ff-187ffdf8b293\">Pobierz<\/a><\/div>\n\n\n\n<div class=\"wp-block-file\"><a id=\"wp-block-file--media-4242f1b3-492c-4c1f-8610-834265fef586\" href=\"https:\/\/nproboszczewice.pl\/2023_nowastrona\/wp-content\/uploads\/2026\/02\/Zalacznik-nr-3-do-wniosku-zaswiadczenie-o-zatrudnieniu.pdf\">Za\u0142\u0105cznik nr 3 do wniosku &#8211; za\u015bwiadczenie o zatrudnieniu<\/a><a href=\"https:\/\/nproboszczewice.pl\/2023_nowastrona\/wp-content\/uploads\/2026\/02\/Zalacznik-nr-3-do-wniosku-zaswiadczenie-o-zatrudnieniu.pdf\" class=\"wp-block-file__button wp-element-button\" download aria-describedby=\"wp-block-file--media-4242f1b3-492c-4c1f-8610-834265fef586\">Pobierz<\/a><\/div>\n\n\n\n<div class=\"wp-block-file\"><a id=\"wp-block-file--media-09059923-dc91-4378-b04b-0fe846a47ab6\" href=\"https:\/\/nproboszczewice.pl\/2023_nowastrona\/wp-content\/uploads\/2026\/02\/Zalacznik-nr-4-do-wniosku-zamieszkanie-poza-gmina.pdf\">Za\u0142\u0105cznik nr 4 do wniosku &#8211; zamieszkanie poza gmin\u0105<\/a><a href=\"https:\/\/nproboszczewice.pl\/2023_nowastrona\/wp-content\/uploads\/2026\/02\/Zalacznik-nr-4-do-wniosku-zamieszkanie-poza-gmina.pdf\" class=\"wp-block-file__button wp-element-button\" download aria-describedby=\"wp-block-file--media-09059923-dc91-4378-b04b-0fe846a47ab6\">Pobierz<\/a><\/div>\n\n\n\n<div class=\"wp-block-file\"><a id=\"wp-block-file--media-fff310e9-2e6f-4434-83f9-b1cc7c5a7279\" href=\"https:\/\/nproboszczewice.pl\/2023_nowastrona\/wp-content\/uploads\/2026\/02\/Potwierdzenie-woli-uczeszczania-dziecka-do-Przedszkola-w-Nowych-Proboszczewicach.pdf\">Potwierdzenie woli ucz\u0119szczania dziecka do Przedszkola w Nowych Proboszczewicach<\/a><a href=\"https:\/\/nproboszczewice.pl\/2023_nowastrona\/wp-content\/uploads\/2026\/02\/Potwierdzenie-woli-uczeszczania-dziecka-do-Przedszkola-w-Nowych-Proboszczewicach.pdf\" class=\"wp-block-file__button wp-element-button\" download aria-describedby=\"wp-block-file--media-fff310e9-2e6f-4434-83f9-b1cc7c5a7279\">Pobierz<\/a><\/div>\n\n\n\n<p><\/p>\n\n\n\n<p><\/p>\n\n\n\n<p class=\"has-text-align-center has-blue-color has-text-color has-link-color wp-elements-3a0e5a9bf717029cbd5d1f61803b8d4a\">Zarz\u0105dzenie Nr 6.2026 W\u00f3jta Gminy Stara Bia\u0142a z dnia 22 stycznia 2026 r. w sprawie termin\u00f3w przeprowadzania post\u0119powania rekrutacyjnego oraz post\u0119powania uzupe\u0142niaj\u0105cego do publicznych <strong>przedszkoli<\/strong> prowadzonych przez Gmin\u0119 Stara Bia\u0142a na rok szkolny 2026\/2027<\/p>\n\n\n\n<div data-wp-interactive=\"core\/file\" class=\"wp-block-file\"><object data-wp-bind--hidden=\"!state.hasPdfPreview\" hidden class=\"wp-block-file__embed\" data=\"https:\/\/nproboszczewice.pl\/2023_nowastrona\/wp-content\/uploads\/2026\/02\/6.2026.pdf\" type=\"application\/pdf\" style=\"width:100%;height:600px\" aria-label=\"Osadzone z 6.2026.\"><\/object><a id=\"wp-block-file--media-d773cc45-ecdd-46ce-98cc-6ba232c015ab\" href=\"https:\/\/nproboszczewice.pl\/2023_nowastrona\/wp-content\/uploads\/2026\/02\/6.2026.pdf\">6.2026<\/a><a href=\"https:\/\/nproboszczewice.pl\/2023_nowastrona\/wp-content\/uploads\/2026\/02\/6.2026.pdf\" class=\"wp-block-file__button wp-element-button\" download aria-describedby=\"wp-block-file--media-d773cc45-ecdd-46ce-98cc-6ba232c015ab\">Pobierz<\/a><\/div>\n\n\n\n<p class=\"has-text-align-center has-blue-color has-text-color has-link-color wp-elements-011bc2aad6f02101bd752682a6cdc686\">Zarz\u0105dzenie Nr 7.2026 W\u00f3jta Gminy Stara Bia\u0142a z dnia 22 stycznia 2026 r. w sprawie termin\u00f3w przeprowadzania post\u0119powania rekrutacyjnego oraz post\u0119powania uzupe\u0142niaj\u0105cego do <strong>klas I<\/strong> publicznych szk\u00f3\u0142 podstawowych prowadzonych przez Gmin\u0119 Stara Bia\u0142a na rok szkolny 2026\/2027<\/p>\n\n\n\n<div data-wp-interactive=\"core\/file\" class=\"wp-block-file\"><object data-wp-bind--hidden=\"!state.hasPdfPreview\" hidden class=\"wp-block-file__embed\" data=\"https:\/\/nproboszczewice.pl\/2023_nowastrona\/wp-content\/uploads\/2026\/02\/7.2026.pdf\" type=\"application\/pdf\" style=\"width:100%;height:600px\" aria-label=\"Osadzone z 7.2026.\"><\/object><a id=\"wp-block-file--media-6a1ba851-0eeb-4728-be25-50380a52130e\" href=\"https:\/\/nproboszczewice.pl\/2023_nowastrona\/wp-content\/uploads\/2026\/02\/7.2026.pdf\">7.2026<\/a><a href=\"https:\/\/nproboszczewice.pl\/2023_nowastrona\/wp-content\/uploads\/2026\/02\/7.2026.pdf\" class=\"wp-block-file__button wp-element-button\" download aria-describedby=\"wp-block-file--media-6a1ba851-0eeb-4728-be25-50380a52130e\">Pobierz<\/a><\/div>\n","protected":false},"excerpt":{"rendered":"<p>Drodzy Rodzice! Informujemy, \u017ce od 2 do 31 marca 2026 r. odb\u0119dzie si\u0119 rekrutacja na wolne miejsca w&nbsp;Przedszkolu w&nbsp;Nowych Proboszczewicach na rok szkolny 2026\/2027. Rodzice [&hellip;]<\/p>\n","protected":false},"author":1,"featured_media":0,"parent":0,"menu_order":0,"comment_status":"closed","ping_status":"closed","template":"","meta":{"ngg_post_thumbnail":0,"footnotes":""},"class_list":["post-375","page","type-page","status-publish","hentry"],"_links":{"self":[{"href":"https:\/\/nproboszczewice.pl\/2023_nowastrona\/wp-json\/wp\/v2\/pages\/375","targetHints":{"allow":["GET"]}}],"collection":[{"href":"https:\/\/nproboszczewice.pl\/2023_nowastrona\/wp-json\/wp\/v2\/pages"}],"about":[{"href":"https:\/\/nproboszczewice.pl\/2023_nowastrona\/wp-json\/wp\/v2\/types\/page"}],"author":[{"embeddable":true,"href":"https:\/\/nproboszczewice.pl\/2023_nowastrona\/wp-json\/wp\/v2\/users\/1"}],"replies":[{"embeddable":true,"href":"https:\/\/nproboszczewice.pl\/2023_nowastrona\/wp-json\/wp\/v2\/comments?post=375"}],"version-history":[{"count":17,"href":"https:\/\/nproboszczewice.pl\/2023_nowastrona\/wp-json\/wp\/v2\/pages\/375\/revisions"}],"predecessor-version":[{"id":7152,"href":"https:\/\/nproboszczewice.pl\/2023_nowastrona\/wp-json\/wp\/v2\/pages\/375\/revisions\/7152"}],"wp:attachment":[{"href":"https:\/\/nproboszczewice.pl\/2023_nowastrona\/wp-json\/wp\/v2\/media?parent=375"}],"curies":[{"name":"wp","href":"https:\/\/api.w.org\/{rel}","templated":true}]}}