{"id":261,"date":"2021-11-13T14:50:57","date_gmt":"2021-11-13T14:50:57","guid":{"rendered":"http:\/\/creativthemes.com\/theme-demo\/creativ-preschool-pro\/?page_id=2"},"modified":"2023-12-13T19:06:55","modified_gmt":"2023-12-13T19:06:55","slug":"sample-page-2","status":"publish","type":"page","link":"https:\/\/nproboszczewice.pl\/2023_nowastrona\/","title":{"rendered":"Home"},"content":{"rendered":"\n<p><em>\u201eDziecko chce by\u0107 dobre. Je\u015bli nie umie \u2013 naucz. Je\u015bli nie wie \u2013 wyt\u0142umacz. Je\u015bli nie mo\u017ce \u2013 pom\u00f3\u017c.\u201d<\/em> <\/p>\n\n\n\n<p class=\"has-text-align-right\"><em>J. Korczak<\/em><\/p>\n\n\n\n\n\n\n\n<p>Aktualno\u015bci<\/p>\n\n\n\n<div class=\"wp-block-query is-layout-flow wp-block-query-is-layout-flow\"><ul class=\"wp-block-post-template is-layout-flow wp-block-post-template-is-layout-flow\"><li class=\"wp-block-post post-7320 post type-post status-publish format-standard has-post-thumbnail hentry category-aktualnosci\">\n\n\n<figure class=\"alignwide wp-block-post-featured-image\"><a href=\"https:\/\/nproboszczewice.pl\/2023_nowastrona\/2026\/04\/03\/7320\/\" target=\"_self\"  ><img loading=\"lazy\" decoding=\"async\" width=\"1206\" height=\"1614\" src=\"https:\/\/nproboszczewice.pl\/2023_nowastrona\/wp-content\/uploads\/2026\/04\/8281CB98-7786-4416-AB2B-4620F206292C.jpeg\" class=\"attachment-post-thumbnail size-post-thumbnail wp-post-image\" alt=\"Wpis bez tytu\u0142u 7320\" style=\"object-fit:cover;\" srcset=\"https:\/\/nproboszczewice.pl\/2023_nowastrona\/wp-content\/uploads\/2026\/04\/8281CB98-7786-4416-AB2B-4620F206292C.jpeg 1206w, https:\/\/nproboszczewice.pl\/2023_nowastrona\/wp-content\/uploads\/2026\/04\/8281CB98-7786-4416-AB2B-4620F206292C-224x300.jpeg 224w, https:\/\/nproboszczewice.pl\/2023_nowastrona\/wp-content\/uploads\/2026\/04\/8281CB98-7786-4416-AB2B-4620F206292C-765x1024.jpeg 765w, https:\/\/nproboszczewice.pl\/2023_nowastrona\/wp-content\/uploads\/2026\/04\/8281CB98-7786-4416-AB2B-4620F206292C-768x1028.jpeg 768w, https:\/\/nproboszczewice.pl\/2023_nowastrona\/wp-content\/uploads\/2026\/04\/8281CB98-7786-4416-AB2B-4620F206292C-1148x1536.jpeg 1148w\" sizes=\"auto, (max-width: 1206px) 100vw, 1206px\" \/><\/a><\/figure>\n\n<div class=\"wp-block-post-excerpt\"><p class=\"wp-block-post-excerpt__excerpt\"> <\/p><\/div>\n\n\n<hr class=\"wp-block-separator has-css-opacity\"\/>\n\n\n<div class=\"wp-block-post-date\"><time datetime=\"2026-04-03T00:00:41+00:00\">3 kwietnia, 2026<\/time><\/div>\n<\/li><li class=\"wp-block-post post-7312 post type-post status-publish format-standard has-post-thumbnail hentry category-aktualnosci\">\n<h2 class=\"wp-block-post-title\"><a href=\"https:\/\/nproboszczewice.pl\/2023_nowastrona\/2026\/04\/02\/wiosenny-konkurs-recytatorski-2\/\" target=\"_self\" >Wiosenny Konkurs recytatorski<\/a><\/h2>\n\n<figure class=\"alignwide wp-block-post-featured-image\"><a href=\"https:\/\/nproboszczewice.pl\/2023_nowastrona\/2026\/04\/02\/wiosenny-konkurs-recytatorski-2\/\" target=\"_self\"  ><img loading=\"lazy\" decoding=\"async\" width=\"1600\" height=\"1200\" src=\"https:\/\/nproboszczewice.pl\/2023_nowastrona\/wp-content\/uploads\/2026\/04\/nggallery_import\/659782960_981678531195980_5955428742509085544_n.jpg\" class=\"attachment-post-thumbnail size-post-thumbnail wp-post-image\" alt=\"Wiosenny Konkurs recytatorski\" style=\"object-fit:cover;\" srcset=\"https:\/\/nproboszczewice.pl\/2023_nowastrona\/wp-content\/uploads\/2026\/04\/nggallery_import\/659782960_981678531195980_5955428742509085544_n.jpg 1600w, https:\/\/nproboszczewice.pl\/2023_nowastrona\/wp-content\/uploads\/2026\/04\/nggallery_import\/659782960_981678531195980_5955428742509085544_n-300x225.jpg 300w, https:\/\/nproboszczewice.pl\/2023_nowastrona\/wp-content\/uploads\/2026\/04\/nggallery_import\/659782960_981678531195980_5955428742509085544_n-1024x768.jpg 1024w, https:\/\/nproboszczewice.pl\/2023_nowastrona\/wp-content\/uploads\/2026\/04\/nggallery_import\/659782960_981678531195980_5955428742509085544_n-768x576.jpg 768w, https:\/\/nproboszczewice.pl\/2023_nowastrona\/wp-content\/uploads\/2026\/04\/nggallery_import\/659782960_981678531195980_5955428742509085544_n-1536x1152.jpg 1536w\" sizes=\"auto, (max-width: 1600px) 100vw, 1600px\" \/><\/a><\/figure>\n\n<div class=\"wp-block-post-excerpt\"><p class=\"wp-block-post-excerpt__excerpt\">Dnia 1.04.2026 w naszym przedszkolu we wsp\u00f3\u0142pracy z Gminn\u0105 Bibliotek\u0105 w Proboszczewicach zosta\u0142 zorganizowany przedszkolny konkurs recytatorski o tematyce wiosennej. Celem konkursu by\u0142o rozwijanie zdolno\u015bci [&hellip;] <\/p><\/div>\n\n\n<hr class=\"wp-block-separator has-css-opacity\"\/>\n\n\n<div class=\"wp-block-post-date\"><time datetime=\"2026-04-02T06:47:39+00:00\">2 kwietnia, 2026<\/time><\/div>\n<\/li><li class=\"wp-block-post post-7290 post type-post status-publish format-standard has-post-thumbnail hentry category-aktualnosci\">\n<h2 class=\"wp-block-post-title\"><a href=\"https:\/\/nproboszczewice.pl\/2023_nowastrona\/2026\/04\/02\/dzien-wody-w-naszym-przedszkolu\/\" target=\"_self\" >\u201eDzie\u0144 Wody\u201d w naszym przedszkolu!<\/a><\/h2>\n\n<figure class=\"alignwide wp-block-post-featured-image\"><a href=\"https:\/\/nproboszczewice.pl\/2023_nowastrona\/2026\/04\/02\/dzien-wody-w-naszym-przedszkolu\/\" target=\"_self\"  ><img loading=\"lazy\" decoding=\"async\" width=\"1600\" height=\"1200\" src=\"https:\/\/nproboszczewice.pl\/2023_nowastrona\/wp-content\/uploads\/2026\/04\/nggallery_import\/p1.jpg\" class=\"attachment-post-thumbnail size-post-thumbnail wp-post-image\" alt=\"\u201eDzie\u0144 Wody\u201d w naszym przedszkolu!\" style=\"object-fit:cover;\" srcset=\"https:\/\/nproboszczewice.pl\/2023_nowastrona\/wp-content\/uploads\/2026\/04\/nggallery_import\/p1.jpg 1600w, https:\/\/nproboszczewice.pl\/2023_nowastrona\/wp-content\/uploads\/2026\/04\/nggallery_import\/p1-300x225.jpg 300w, https:\/\/nproboszczewice.pl\/2023_nowastrona\/wp-content\/uploads\/2026\/04\/nggallery_import\/p1-1024x768.jpg 1024w, https:\/\/nproboszczewice.pl\/2023_nowastrona\/wp-content\/uploads\/2026\/04\/nggallery_import\/p1-768x576.jpg 768w, https:\/\/nproboszczewice.pl\/2023_nowastrona\/wp-content\/uploads\/2026\/04\/nggallery_import\/p1-1536x1152.jpg 1536w\" sizes=\"auto, (max-width: 1600px) 100vw, 1600px\" \/><\/a><\/figure>\n\n<div class=\"wp-block-post-excerpt\"><p class=\"wp-block-post-excerpt__excerpt\">26 marca we wszystkich grupach przedszkolnych \u015bwi\u0119towali\u015bmy \u201eDzie\u0144 Wody\u201d. Dzieci mia\u0142y okazj\u0119 odkrywa\u0107, jak wa\u017cna jest woda w naszym \u017cyciu. Poznawali\u015bmy jej w\u0142a\u015bciwo\u015bci poprzez ciekawe [&hellip;] <\/p><\/div>\n\n\n<hr class=\"wp-block-separator has-css-opacity\"\/>\n\n\n<div class=\"wp-block-post-date\"><time datetime=\"2026-04-02T06:41:09+00:00\">2 kwietnia, 2026<\/time><\/div>\n<\/li><\/ul><\/div>\n","protected":false},"excerpt":{"rendered":"<p>\u201eDziecko chce by\u0107 dobre. Je\u015bli nie umie \u2013 naucz. Je\u015bli nie wie \u2013 wyt\u0142umacz. Je\u015bli nie mo\u017ce \u2013 pom\u00f3\u017c.\u201d J. Korczak Aktualno\u015bci<\/p>\n","protected":false},"author":1,"featured_media":0,"parent":0,"menu_order":0,"comment_status":"closed","ping_status":"open","template":"","meta":{"ngg_post_thumbnail":0,"footnotes":""},"class_list":["post-261","page","type-page","status-publish","hentry"],"_links":{"self":[{"href":"https:\/\/nproboszczewice.pl\/2023_nowastrona\/wp-json\/wp\/v2\/pages\/261","targetHints":{"allow":["GET"]}}],"collection":[{"href":"https:\/\/nproboszczewice.pl\/2023_nowastrona\/wp-json\/wp\/v2\/pages"}],"about":[{"href":"https:\/\/nproboszczewice.pl\/2023_nowastrona\/wp-json\/wp\/v2\/types\/page"}],"author":[{"embeddable":true,"href":"https:\/\/nproboszczewice.pl\/2023_nowastrona\/wp-json\/wp\/v2\/users\/1"}],"replies":[{"embeddable":true,"href":"https:\/\/nproboszczewice.pl\/2023_nowastrona\/wp-json\/wp\/v2\/comments?post=261"}],"version-history":[{"count":10,"href":"https:\/\/nproboszczewice.pl\/2023_nowastrona\/wp-json\/wp\/v2\/pages\/261\/revisions"}],"predecessor-version":[{"id":5047,"href":"https:\/\/nproboszczewice.pl\/2023_nowastrona\/wp-json\/wp\/v2\/pages\/261\/revisions\/5047"}],"wp:attachment":[{"href":"https:\/\/nproboszczewice.pl\/2023_nowastrona\/wp-json\/wp\/v2\/media?parent=261"}],"curies":[{"name":"wp","href":"https:\/\/api.w.org\/{rel}","templated":true}]}}